{"id":73,"date":"2025-08-03T08:54:31","date_gmt":"2025-08-03T08:54:31","guid":{"rendered":"https:\/\/ragazzifamily.ro\/?post_type=product&#038;p=73"},"modified":"2026-01-31T13:35:59","modified_gmt":"2026-01-31T13:35:59","slug":"73","status":"publish","type":"product","link":"https:\/\/ragazzifamily.ro\/?product=73","title":{"rendered":"Tricou personalizat cu poz\u0103 | Ragazzi Family"},"content":{"rendered":"<p>Tricou personalizat cu poz\u0103 sau text. Material 100% bumbac, livrare rapid\u0103 \u00een Constan\u021ba \u0219i toat\u0103 Rom\u00e2nia.<\/p>\n<p>&nbsp;<\/p>\n<p>Acest tricou personalizat este perfect pentru cadouri speciale.<\/p>\n<p>Po\u021bi ad\u0103uga poz\u0103, text sau logo-ul preferat.<\/p>\n<p>Tricourile noastre sunt realizate din bumbac de calitate \u0219i tip\u0103rite prin sublimare rezistent\u0103 la sp\u0103lare.<\/p>\n","protected":false},"excerpt":{"rendered":"<p>TRICOU PERSONALIZAT CU POZA SAU GRAFICA DUMNEAVOASTRA<\/p>\n","protected":false},"featured_media":234,"comment_status":"open","ping_status":"closed","template":"","meta":{"_uag_custom_page_level_css":""},"product_brand":[],"product_cat":[56],"product_tag":[20,19,23,22,35,21],"class_list":{"0":"post-73","1":"product","2":"type-product","3":"status-publish","4":"has-post-thumbnail","6":"product_cat-obiecte-personalizate","7":"product_tag-aniversar","8":"product_tag-cadou","9":"product_tag-copii","10":"product_tag-familie","11":"product_tag-personalizabil","12":"product_tag-sotie","14":"first","15":"instock","16":"sale","17":"taxable","18":"shipping-taxable","19":"purchasable","20":"product-type-variable"},"uagb_featured_image_src":{"full":["https:\/\/ragazzifamily.ro\/wp-content\/uploads\/2025\/08\/TRICOU-POZA-2.jpg",2487,2024,false],"thumbnail":["https:\/\/ragazzifamily.ro\/wp-content\/uploads\/2025\/08\/TRICOU-POZA-2-150x150.jpg",150,150,true],"medium":["https:\/\/ragazzifamily.ro\/wp-content\/uploads\/2025\/08\/TRICOU-POZA-2-300x244.jpg",300,244,true],"medium_large":["https:\/\/ragazzifamily.ro\/wp-content\/uploads\/2025\/08\/TRICOU-POZA-2-768x625.jpg",768,625,true],"large":["https:\/\/ragazzifamily.ro\/wp-content\/uploads\/2025\/08\/TRICOU-POZA-2-1024x833.jpg",1024,833,true],"1536x1536":["https:\/\/ragazzifamily.ro\/wp-content\/uploads\/2025\/08\/TRICOU-POZA-2-1536x1250.jpg",1536,1250,true],"2048x2048":["https:\/\/ragazzifamily.ro\/wp-content\/uploads\/2025\/08\/TRICOU-POZA-2-2048x1667.jpg",2048,1667,true],"woocommerce_thumbnail":["https:\/\/ragazzifamily.ro\/wp-content\/uploads\/2025\/08\/TRICOU-POZA-2-600x600.jpg",600,600,true],"woocommerce_single":["https:\/\/ragazzifamily.ro\/wp-content\/uploads\/2025\/08\/TRICOU-POZA-2-1200x977.jpg",1200,977,true],"woocommerce_gallery_thumbnail":["https:\/\/ragazzifamily.ro\/wp-content\/uploads\/2025\/08\/TRICOU-POZA-2-100x100.jpg",100,100,true]},"uagb_author_info":{"display_name":"admin","author_link":"https:\/\/ragazzifamily.ro\/author"},"uagb_comment_info":0,"uagb_excerpt":"TRICOU PERSONALIZAT CU POZA SAU GRAFICA DUMNEAVOASTRA","jetpack_sharing_enabled":true,"_links":{"self":[{"href":"https:\/\/ragazzifamily.ro\/index.php?rest_route=\/wp\/v2\/product\/73","targetHints":{"allow":["GET"]}}],"collection":[{"href":"https:\/\/ragazzifamily.ro\/index.php?rest_route=\/wp\/v2\/product"}],"about":[{"href":"https:\/\/ragazzifamily.ro\/index.php?rest_route=\/wp\/v2\/types\/product"}],"replies":[{"embeddable":true,"href":"https:\/\/ragazzifamily.ro\/index.php?rest_route=%2Fwp%2Fv2%2Fcomments&post=73"}],"wp:featuredmedia":[{"embeddable":true,"href":"https:\/\/ragazzifamily.ro\/index.php?rest_route=\/wp\/v2\/media\/234"}],"wp:attachment":[{"href":"https:\/\/ragazzifamily.ro\/index.php?rest_route=%2Fwp%2Fv2%2Fmedia&parent=73"}],"wp:term":[{"taxonomy":"product_brand","embeddable":true,"href":"https:\/\/ragazzifamily.ro\/index.php?rest_route=%2Fwp%2Fv2%2Fproduct_brand&post=73"},{"taxonomy":"product_cat","embeddable":true,"href":"https:\/\/ragazzifamily.ro\/index.php?rest_route=%2Fwp%2Fv2%2Fproduct_cat&post=73"},{"taxonomy":"product_tag","embeddable":true,"href":"https:\/\/ragazzifamily.ro\/index.php?rest_route=%2Fwp%2Fv2%2Fproduct_tag&post=73"}],"curies":[{"name":"wp","href":"https:\/\/api.w.org\/{rel}","templated":true}]}}