{"id":641,"date":"2025-08-24T13:25:04","date_gmt":"2025-08-24T13:25:04","guid":{"rendered":"https:\/\/ragazzifamily.ro\/?post_type=product&#038;p=641"},"modified":"2026-01-31T13:23:56","modified_gmt":"2026-01-31T13:23:56","slug":"tablou-ardezie-personalizat","status":"publish","type":"product","link":"https:\/\/ragazzifamily.ro\/?product=tablou-ardezie-personalizat","title":{"rendered":"Tablou ARDEZIE personalizat (PIATRA NATURALA) 19X19 | Ragazzi Family"},"content":{"rendered":"<p>Acest tablou ardezie personalizat este realizat pe piatr\u0103 natural\u0103 de calitate, imprimat\u0103 cu poza ta preferat\u0103, fiind un cadou elegant \u0219i unic.<\/p>\n<p>Fiecare bucat\u0103 de ardezie are margini naturale, ceea ce face ca fiecare tablou s\u0103 fie unic. Po\u021bi ad\u0103uga o fotografie drag\u0103, un mesaj sau chiar un colaj de imagini. Imprimarea este rezistent\u0103, cu detalii clare \u0219i culori vii, p\u0103str\u00e2nd frumuse\u021bea amintirilor tale pentru mult timp. Perfect pentru anivers\u0103ri, nun\u021bi sau momente speciale, tablourile pe ardezie se potrivesc \u00een orice cas\u0103.Ardezia este o roc\u0103 natural\u0103 deosebit de apreciat\u0103 pentru frumuse\u021bea \u0219i rezisten\u021ba ei.<br \/>\nPo\u021bi citi mai multe despre [piatra de ardezie aici](https:\/\/ro.wikipedia.org\/wiki\/Ardezie).<\/p>\n<p>Dac\u0103 \u00ee\u021bi plac decorurile unice, vezi \u0219i colec\u021bia noastr\u0103 de<br \/>\n[tablouri personalizate](https:\/\/ragazzifamily.ro\/product-category\/tablouri-personalizate\/)<br \/>\nsau alte [cadouri personalizate](https:\/\/ragazzifamily.ro\/shop\/), perfecte pentru orice ocazie.<\/p>\n","protected":false},"excerpt":{"rendered":"<p data-start=\"440\" data-end=\"890\">Un <strong data-start=\"443\" data-end=\"474\">tablou ardezie personalizat<\/strong> este mai mult dec\u00e2t un simplu obiect de decor \u2013 este o amintire p\u0103strat\u0103 \u00een piatr\u0103 natural\u0103, un cadou elegant \u0219i unic care surprinde frumuse\u021bea momentelor speciale din via\u021ba ta. Fiecare tablou este realizat pe o bucat\u0103 autentic\u0103 de ardezie, ceea ce \u00eenseamn\u0103 c\u0103 niciun produs nu seam\u0103n\u0103 cu altul. Marginile naturale \u0219i textura deosebit\u0103 ofer\u0103 un aspect premium, greu de comparat cu alte tipuri de tablouri clasice.<\/p>\n<h3 data-start=\"892\" data-end=\"948\">De ce s\u0103 alegi un tablou din ardezie personalizat?<\/h3>\n<p data-start=\"949\" data-end=\"1409\">Tablourile clasice pe h\u00e2rtie sau canvas sunt frumoase, dar ardezia aduce un plus de elegan\u021b\u0103 \u0219i durabilitate. Fotografiile imprimate prin sublimare pe suprafa\u021ba natural\u0103 a pietrei cap\u0103t\u0103 culori intense \u0219i detalii clare, rezist\u00e2nd \u00een timp f\u0103r\u0103 s\u0103 se estompeze. Acest <strong data-start=\"1215\" data-end=\"1246\">tablou ardezie personalizat<\/strong> este perfect pentru a marca evenimente importante: anivers\u0103ri, nun\u021bi, botezuri, Cr\u0103ciun sau orice alt moment \u00een care vrei s\u0103 oferi un cadou cu adev\u0103rat special.<\/p>\n<p data-start=\"334\" data-end=\"711\">Pe l\u00e2ng\u0103 elegan\u021ba \u0219i calitatea pe care le ofer\u0103, un <strong data-start=\"386\" data-end=\"417\">tablou ardezie personalizat<\/strong> are \u0219i avantajul versatilit\u0103\u021bii. Poate fi expus at\u00e2t \u00een spa\u021bii moderne, c\u00e2t \u0219i \u00een decoruri clasice, fiind potrivit pentru birouri, restaurante, pensiuni sau chiar s\u0103li de evenimente. \u00cen plus, rezisten\u021ba materialului \u00eel face ideal pentru a fi p\u0103strat ani \u00eentregi f\u0103r\u0103 s\u0103-\u0219i piard\u0103 frumuse\u021bea.<\/p>\n<p data-start=\"713\" data-end=\"997\">Clien\u021bii no\u0219tri aleg frecvent tablourile pe piatr\u0103 de ardezie pentru a marca momente emo\u021bionante \u2013 de la botezul copilului \u0219i prima aniversare, p\u00e2n\u0103 la amintiri de familie, vacan\u021be sau chiar fotografii artistice. Este un cadou care transmite emo\u021bie \u0219i r\u0103m\u00e2ne ca o pies\u0103 de colec\u021bie.<\/p>\n<p data-start=\"999\" data-end=\"1280\">Dac\u0103 \u00ee\u021bi dore\u0219ti un cadou unic, elegant \u0219i \u00eenc\u0103rcat de semnifica\u021bie, alege un <strong data-start=\"1077\" data-end=\"1108\">tablou ardezie personalizat<\/strong> de la Ragazzi Family. Simplu de comandat online \u0219i cu livrare rapid\u0103 \u00een toat\u0103 Rom\u00e2nia, produsul t\u0103u va ajunge \u00een siguran\u021b\u0103 \u0219i va surprinde pl\u0103cut pe oricine \u00eel prime\u0219te.<\/p>\n<h3 data-start=\"1411\" data-end=\"1446\">Cadoul ideal pentru cei dragi<\/h3>\n<p data-start=\"1447\" data-end=\"1841\">Un tablou din ardezie personalizat este o alegere excelent\u0103 atunci c\u00e2nd cau\u021bi un cadou elegant \u0219i memorabil. Po\u021bi ad\u0103uga fotografia unei familii, un portret de cuplu, o imagine de la nunt\u0103 sau chiar o poz\u0103 amuzant\u0103 \u00eentre prieteni. Fiecare detaliu al fotografiei se transfer\u0103 pe suprafa\u021ba de ardezie \u00eentr-un mod spectaculos, transform\u00e2ndu-l \u00eentr-un obiect de suflet care va fi p\u0103strat cu drag.<\/p>\n<h3 data-start=\"1843\" data-end=\"1871\">Decor unic pentru cas\u0103<\/h3>\n<p data-start=\"1872\" data-end=\"2221\">Pe l\u00e2ng\u0103 faptul c\u0103 este un cadou minunat, un <strong data-start=\"1917\" data-end=\"1948\">tablou ardezie personalizat<\/strong> poate fi \u0219i un obiect decorativ unic pentru casa ta. Poate fi a\u0219ezat pe birou, pe raft sau \u00een sufragerie, ad\u0103ug\u00e2nd un aer sofisticat \u0219i original \u00eenc\u0103perii. Textura pietrei naturale face ca fiecare tablou s\u0103 fie diferit, ceea ce garanteaz\u0103 exclusivitate \u0219i autenticitate.<\/p>\n<h3 data-start=\"2223\" data-end=\"2247\">Cum este realizat?<\/h3>\n<p data-start=\"2248\" data-end=\"2531\">Folosim tehnologie profesional\u0103 de imprimare prin sublimare, ceea ce asigur\u0103 o rezisten\u021b\u0103 de lung\u0103 durat\u0103. Culorile r\u0103m\u00e2n vii \u0219i clare, iar fotografia nu se va \u0219terge \u00een timp. Ardezia este prelucrat\u0103 atent, iar marginile r\u0103m\u00e2n naturale pentru a p\u0103stra aspectul autentic al pietrei.<\/p>\n<h3 data-start=\"2533\" data-end=\"2596\">Pentru cine este potrivit un tablou ardezie personalizat?<\/h3>\n<ul data-start=\"2597\" data-end=\"2849\">\n<li data-start=\"2597\" data-end=\"2647\">\n<p data-start=\"2599\" data-end=\"2647\">Pentru <strong data-start=\"2606\" data-end=\"2617\">familii<\/strong> \u2013 ca amintire cu cei dragi.<\/p>\n<\/li>\n<li data-start=\"2648\" data-end=\"2720\">\n<p data-start=\"2650\" data-end=\"2720\">Pentru <strong data-start=\"2657\" data-end=\"2668\">cupluri<\/strong> \u2013 cadou de nunt\u0103, aniversare sau Valentine\u2019s Day.<\/p>\n<\/li>\n<li data-start=\"2721\" data-end=\"2779\">\n<p data-start=\"2723\" data-end=\"2779\">Pentru <strong data-start=\"2730\" data-end=\"2742\">prieteni<\/strong> \u2013 un cadou amuzant sau emo\u021bionant.<\/p>\n<\/li>\n<li data-start=\"2780\" data-end=\"2849\">\n<p data-start=\"2782\" data-end=\"2849\">Pentru <strong data-start=\"2789\" data-end=\"2807\">decor personal<\/strong> \u2013 adaug\u0103 o not\u0103 de elegan\u021b\u0103 \u00een casa ta.<\/p>\n<\/li>\n<\/ul>\n<h3 data-start=\"2851\" data-end=\"2889\">Comand\u0103 simpl\u0103 \u0219i livrare rapid\u0103<\/h3>\n<p data-start=\"2890\" data-end=\"3155\">La Ragazzi Family procesul de comand\u0103 este simplu: \u00eencarci poza ta preferat\u0103, alegi dimensiunea dorit\u0103 \u0219i \u00een scurt timp tabloul t\u0103u ardezie personalizat va fi gata. Livr\u0103m rapid \u00een Constan\u021ba \u0219i \u00een toat\u0103 Rom\u00e2nia, astfel \u00eenc\u00e2t s\u0103 te bucuri de produs c\u00e2t mai repede.<\/p>\n","protected":false},"featured_media":658,"comment_status":"open","ping_status":"closed","template":"","meta":{"_uag_custom_page_level_css":""},"product_brand":[],"product_cat":[56],"product_tag":[35,48,50],"class_list":{"0":"post-641","1":"product","2":"type-product","3":"status-publish","4":"has-post-thumbnail","6":"product_cat-obiecte-personalizate","7":"product_tag-personalizabil","8":"product_tag-tablou-ardezie","9":"product_tag-tablou-ardezie-personalizat","11":"first","12":"instock","13":"shipping-taxable","14":"purchasable","15":"product-type-simple"},"uagb_featured_image_src":{"full":["https:\/\/ragazzifamily.ro\/wp-content\/uploads\/2025\/08\/tablou-ardezie-19-1.jpg",1500,1500,false],"thumbnail":["https:\/\/ragazzifamily.ro\/wp-content\/uploads\/2025\/08\/tablou-ardezie-19-1-150x150.jpg",150,150,true],"medium":["https:\/\/ragazzifamily.ro\/wp-content\/uploads\/2025\/08\/tablou-ardezie-19-1-300x300.jpg",300,300,true],"medium_large":["https:\/\/ragazzifamily.ro\/wp-content\/uploads\/2025\/08\/tablou-ardezie-19-1-768x768.jpg",768,768,true],"large":["https:\/\/ragazzifamily.ro\/wp-content\/uploads\/2025\/08\/tablou-ardezie-19-1-1024x1024.jpg",1024,1024,true],"1536x1536":["https:\/\/ragazzifamily.ro\/wp-content\/uploads\/2025\/08\/tablou-ardezie-19-1.jpg",1500,1500,false],"2048x2048":["https:\/\/ragazzifamily.ro\/wp-content\/uploads\/2025\/08\/tablou-ardezie-19-1.jpg",1500,1500,false],"woocommerce_thumbnail":["https:\/\/ragazzifamily.ro\/wp-content\/uploads\/2025\/08\/tablou-ardezie-19-1-600x600.jpg",600,600,true],"woocommerce_single":["https:\/\/ragazzifamily.ro\/wp-content\/uploads\/2025\/08\/tablou-ardezie-19-1-1200x1200.jpg",1200,1200,true],"woocommerce_gallery_thumbnail":["https:\/\/ragazzifamily.ro\/wp-content\/uploads\/2025\/08\/tablou-ardezie-19-1-100x100.jpg",100,100,true]},"uagb_author_info":{"display_name":"admin","author_link":"https:\/\/ragazzifamily.ro\/author"},"uagb_comment_info":0,"uagb_excerpt":"Un tablou ardezie personalizat este mai mult dec\u00e2t un simplu obiect de decor \u2013 este o amintire p\u0103strat\u0103 \u00een piatr\u0103 natural\u0103, un cadou elegant \u0219i unic care surprinde frumuse\u021bea momentelor speciale din via\u021ba ta. Fiecare tablou este realizat pe o bucat\u0103 autentic\u0103 de ardezie, ceea ce \u00eenseamn\u0103 c\u0103 niciun produs nu seam\u0103n\u0103 cu altul. Marginile&hellip;","jetpack_sharing_enabled":true,"_links":{"self":[{"href":"https:\/\/ragazzifamily.ro\/index.php?rest_route=\/wp\/v2\/product\/641","targetHints":{"allow":["GET"]}}],"collection":[{"href":"https:\/\/ragazzifamily.ro\/index.php?rest_route=\/wp\/v2\/product"}],"about":[{"href":"https:\/\/ragazzifamily.ro\/index.php?rest_route=\/wp\/v2\/types\/product"}],"replies":[{"embeddable":true,"href":"https:\/\/ragazzifamily.ro\/index.php?rest_route=%2Fwp%2Fv2%2Fcomments&post=641"}],"wp:featuredmedia":[{"embeddable":true,"href":"https:\/\/ragazzifamily.ro\/index.php?rest_route=\/wp\/v2\/media\/658"}],"wp:attachment":[{"href":"https:\/\/ragazzifamily.ro\/index.php?rest_route=%2Fwp%2Fv2%2Fmedia&parent=641"}],"wp:term":[{"taxonomy":"product_brand","embeddable":true,"href":"https:\/\/ragazzifamily.ro\/index.php?rest_route=%2Fwp%2Fv2%2Fproduct_brand&post=641"},{"taxonomy":"product_cat","embeddable":true,"href":"https:\/\/ragazzifamily.ro\/index.php?rest_route=%2Fwp%2Fv2%2Fproduct_cat&post=641"},{"taxonomy":"product_tag","embeddable":true,"href":"https:\/\/ragazzifamily.ro\/index.php?rest_route=%2Fwp%2Fv2%2Fproduct_tag&post=641"}],"curies":[{"name":"wp","href":"https:\/\/api.w.org\/{rel}","templated":true}]}}