{"id":628,"date":"2025-08-21T19:42:48","date_gmt":"2025-08-21T19:42:48","guid":{"rendered":"https:\/\/ragazzifamily.ro\/?post_type=product&#038;p=628"},"modified":"2026-01-31T13:57:48","modified_gmt":"2026-01-31T13:57:48","slug":"vaza-printata-3d","status":"publish","type":"product","link":"https:\/\/ragazzifamily.ro\/?product=vaza-printata-3d","title":{"rendered":"VAZA printata 3d dimensiune 17 cm inaltime si 10 cm circumferinta"},"content":{"rendered":"<p>Vaza printata 3d&#8221;\u00eembr\u0103\u021bi\u0219at\u0103&#8221; de frunze printat\u0103 3d 17cm H 10 cm circumferint\u0103<\/p>\n","protected":false},"excerpt":{"rendered":"<p>vaza printata 3d decor pentru birou<\/p>\n","protected":false},"featured_media":629,"comment_status":"open","ping_status":"closed","template":"","meta":{"_uag_custom_page_level_css":""},"product_brand":[],"product_cat":[58],"product_tag":[60,59],"class_list":{"0":"post-628","1":"product","2":"type-product","3":"status-publish","4":"has-post-thumbnail","6":"product_cat-print-3d","7":"product_tag-decoratiune-birou","8":"product_tag-vaza","10":"first","11":"instock","12":"shipping-taxable","13":"purchasable","14":"product-type-variable"},"uagb_featured_image_src":{"full":["https:\/\/ragazzifamily.ro\/wp-content\/uploads\/2025\/08\/WhatsApp-Image-2025-08-21-at-11.57.39.jpeg",1200,1600,false],"thumbnail":["https:\/\/ragazzifamily.ro\/wp-content\/uploads\/2025\/08\/WhatsApp-Image-2025-08-21-at-11.57.39-150x150.jpeg",150,150,true],"medium":["https:\/\/ragazzifamily.ro\/wp-content\/uploads\/2025\/08\/WhatsApp-Image-2025-08-21-at-11.57.39-225x300.jpeg",225,300,true],"medium_large":["https:\/\/ragazzifamily.ro\/wp-content\/uploads\/2025\/08\/WhatsApp-Image-2025-08-21-at-11.57.39-768x1024.jpeg",768,1024,true],"large":["https:\/\/ragazzifamily.ro\/wp-content\/uploads\/2025\/08\/WhatsApp-Image-2025-08-21-at-11.57.39-768x1024.jpeg",768,1024,true],"1536x1536":["https:\/\/ragazzifamily.ro\/wp-content\/uploads\/2025\/08\/WhatsApp-Image-2025-08-21-at-11.57.39-1152x1536.jpeg",1152,1536,true],"2048x2048":["https:\/\/ragazzifamily.ro\/wp-content\/uploads\/2025\/08\/WhatsApp-Image-2025-08-21-at-11.57.39.jpeg",1200,1600,false],"woocommerce_thumbnail":["https:\/\/ragazzifamily.ro\/wp-content\/uploads\/2025\/08\/WhatsApp-Image-2025-08-21-at-11.57.39-600x600.jpeg",600,600,true],"woocommerce_single":["https:\/\/ragazzifamily.ro\/wp-content\/uploads\/2025\/08\/WhatsApp-Image-2025-08-21-at-11.57.39.jpeg",1200,1600,false],"woocommerce_gallery_thumbnail":["https:\/\/ragazzifamily.ro\/wp-content\/uploads\/2025\/08\/WhatsApp-Image-2025-08-21-at-11.57.39-100x100.jpeg",100,100,true]},"uagb_author_info":{"display_name":"admin","author_link":"https:\/\/ragazzifamily.ro\/author"},"uagb_comment_info":0,"uagb_excerpt":"vaza printata 3d decor pentru birou","jetpack_sharing_enabled":true,"_links":{"self":[{"href":"https:\/\/ragazzifamily.ro\/index.php?rest_route=\/wp\/v2\/product\/628","targetHints":{"allow":["GET"]}}],"collection":[{"href":"https:\/\/ragazzifamily.ro\/index.php?rest_route=\/wp\/v2\/product"}],"about":[{"href":"https:\/\/ragazzifamily.ro\/index.php?rest_route=\/wp\/v2\/types\/product"}],"replies":[{"embeddable":true,"href":"https:\/\/ragazzifamily.ro\/index.php?rest_route=%2Fwp%2Fv2%2Fcomments&post=628"}],"wp:featuredmedia":[{"embeddable":true,"href":"https:\/\/ragazzifamily.ro\/index.php?rest_route=\/wp\/v2\/media\/629"}],"wp:attachment":[{"href":"https:\/\/ragazzifamily.ro\/index.php?rest_route=%2Fwp%2Fv2%2Fmedia&parent=628"}],"wp:term":[{"taxonomy":"product_brand","embeddable":true,"href":"https:\/\/ragazzifamily.ro\/index.php?rest_route=%2Fwp%2Fv2%2Fproduct_brand&post=628"},{"taxonomy":"product_cat","embeddable":true,"href":"https:\/\/ragazzifamily.ro\/index.php?rest_route=%2Fwp%2Fv2%2Fproduct_cat&post=628"},{"taxonomy":"product_tag","embeddable":true,"href":"https:\/\/ragazzifamily.ro\/index.php?rest_route=%2Fwp%2Fv2%2Fproduct_tag&post=628"}],"curies":[{"name":"wp","href":"https:\/\/api.w.org\/{rel}","templated":true}]}}