{"id":588,"date":"2025-08-17T06:12:18","date_gmt":"2025-08-17T06:12:18","guid":{"rendered":"https:\/\/ragazzifamily.ro\/?post_type=product&#038;p=588"},"modified":"2026-01-31T14:04:44","modified_gmt":"2026-01-31T14:04:44","slug":"vaza-decorativa","status":"publish","type":"product","link":"https:\/\/ragazzifamily.ro\/?product=vaza-decorativa","title":{"rendered":"Vaz\u0103 decorativ\u0103"},"content":{"rendered":"<p>&#8230;vaz\u0103 decorativ\u0103 printat\u0103 3D pentru decorarea locuin\u021bei sau a biroului dumneavoastr\u0103&#8230;<\/p>\n","protected":false},"excerpt":{"rendered":"<p>&#8230;vaz\u0103 decorativ\u0103 printat\u0103 3D pentru decorarea locuin\u021bei sau a biroului dumneavoastr\u0103&#8230;<\/p>\n","protected":false},"featured_media":594,"comment_status":"open","ping_status":"closed","template":"","meta":{"_uag_custom_page_level_css":""},"product_brand":[],"product_cat":[58],"product_tag":[],"class_list":{"0":"post-588","1":"product","2":"type-product","3":"status-publish","4":"has-post-thumbnail","6":"product_cat-print-3d","8":"first","9":"instock","10":"shipping-taxable","11":"purchasable","12":"product-type-variable"},"uagb_featured_image_src":{"full":["https:\/\/ragazzifamily.ro\/wp-content\/uploads\/2025\/08\/1000044925.jpg",1810,1850,false],"thumbnail":["https:\/\/ragazzifamily.ro\/wp-content\/uploads\/2025\/08\/1000044925-150x150.jpg",150,150,true],"medium":["https:\/\/ragazzifamily.ro\/wp-content\/uploads\/2025\/08\/1000044925-294x300.jpg",294,300,true],"medium_large":["https:\/\/ragazzifamily.ro\/wp-content\/uploads\/2025\/08\/1000044925-768x785.jpg",768,785,true],"large":["https:\/\/ragazzifamily.ro\/wp-content\/uploads\/2025\/08\/1000044925-1002x1024.jpg",1002,1024,true],"1536x1536":["https:\/\/ragazzifamily.ro\/wp-content\/uploads\/2025\/08\/1000044925-1503x1536.jpg",1503,1536,true],"2048x2048":["https:\/\/ragazzifamily.ro\/wp-content\/uploads\/2025\/08\/1000044925.jpg",1810,1850,false],"woocommerce_thumbnail":["https:\/\/ragazzifamily.ro\/wp-content\/uploads\/2025\/08\/1000044925-600x600.jpg",600,600,true],"woocommerce_single":["https:\/\/ragazzifamily.ro\/wp-content\/uploads\/2025\/08\/1000044925-1200x1227.jpg",1200,1227,true],"woocommerce_gallery_thumbnail":["https:\/\/ragazzifamily.ro\/wp-content\/uploads\/2025\/08\/1000044925-100x100.jpg",100,100,true]},"uagb_author_info":{"display_name":"admin","author_link":"https:\/\/ragazzifamily.ro\/author"},"uagb_comment_info":0,"uagb_excerpt":"&#8230;vaz\u0103 decorativ\u0103 printat\u0103 3D pentru decorarea locuin\u021bei sau a biroului dumneavoastr\u0103&#8230;","jetpack_sharing_enabled":true,"_links":{"self":[{"href":"https:\/\/ragazzifamily.ro\/index.php?rest_route=\/wp\/v2\/product\/588","targetHints":{"allow":["GET"]}}],"collection":[{"href":"https:\/\/ragazzifamily.ro\/index.php?rest_route=\/wp\/v2\/product"}],"about":[{"href":"https:\/\/ragazzifamily.ro\/index.php?rest_route=\/wp\/v2\/types\/product"}],"replies":[{"embeddable":true,"href":"https:\/\/ragazzifamily.ro\/index.php?rest_route=%2Fwp%2Fv2%2Fcomments&post=588"}],"wp:featuredmedia":[{"embeddable":true,"href":"https:\/\/ragazzifamily.ro\/index.php?rest_route=\/wp\/v2\/media\/594"}],"wp:attachment":[{"href":"https:\/\/ragazzifamily.ro\/index.php?rest_route=%2Fwp%2Fv2%2Fmedia&parent=588"}],"wp:term":[{"taxonomy":"product_brand","embeddable":true,"href":"https:\/\/ragazzifamily.ro\/index.php?rest_route=%2Fwp%2Fv2%2Fproduct_brand&post=588"},{"taxonomy":"product_cat","embeddable":true,"href":"https:\/\/ragazzifamily.ro\/index.php?rest_route=%2Fwp%2Fv2%2Fproduct_cat&post=588"},{"taxonomy":"product_tag","embeddable":true,"href":"https:\/\/ragazzifamily.ro\/index.php?rest_route=%2Fwp%2Fv2%2Fproduct_tag&post=588"}],"curies":[{"name":"wp","href":"https:\/\/api.w.org\/{rel}","templated":true}]}}