{"id":526,"date":"2025-08-11T16:52:42","date_gmt":"2025-08-11T16:52:42","guid":{"rendered":"https:\/\/ragazzifamily.ro\/?post_type=product&#038;p=526"},"modified":"2026-01-31T14:09:05","modified_gmt":"2026-01-31T14:09:05","slug":"suport-doza-bere-500-ml-teknologia","status":"publish","type":"product","link":"https:\/\/ragazzifamily.ro\/?product=suport-doza-bere-500-ml-teknologia","title":{"rendered":"SUPORT DOZA 500 ML &#8220;TEKNOLOGIA&#8221;"},"content":{"rendered":"<blockquote><p><a href=\"https:\/\/vm.tiktok.com\/ZNdQU7R9P\/\" target=\"_blank\" rel=\"noopener\"><br \/>\n<img decoding=\"async\" style=\"max-width: 250px;\" src=\"https:\/\/link-c\u0103tre-imaginea-butonului-t\u0103u.png\" alt=\"Vezi pe TikTok\" \/><br \/>\n<\/a><\/p><\/blockquote>\n<p>Suport doza 500 ml, nu mai esti nevoit sa \u021bii doza in m\u00e2n\u0103 astfel \u00eenc\u00e2t sa se \u00eenc\u0103lzeasc\u0103 con\u021binutul \ud83e\udd29<\/p>\n","protected":false},"excerpt":{"rendered":"<p>Suportul pentru doza de 500 ml TEKNOLOGIA este proiectat pentru a oferi o solutie eficienta si functionala pentru depozitarea recipientelor de bauturi. Cu un design robust si practic, acest suport este ideal pentru utilizarea in diverse medii, asigurand protectia si accesibilitatea corespunzatoare a dozelor de 500 ml. Fiind confectionat din materiale durabile, suportul asigura o durata lunga de viata si o experienta de utilizare placuta si eficienta.<\/p>\n[contact-form][contact-field label=\"Nume\" type=\"name\"  required=\"true\" \/][contact-field label=\"Email\" type=\"email\" required=\"true\" \/][contact-field label=\"Site web\" type=\"url\" \/][contact-field label=\"Mesaj\" type=\"textarea\" \/][\/contact-form]\n","protected":false},"featured_media":532,"comment_status":"open","ping_status":"closed","template":"","meta":{"_uag_custom_page_level_css":""},"product_brand":[],"product_cat":[58],"product_tag":[],"class_list":{"0":"post-526","1":"product","2":"type-product","3":"status-publish","4":"has-post-thumbnail","6":"product_cat-print-3d","8":"first","9":"instock","10":"shipping-taxable","11":"purchasable","12":"product-type-variable"},"uagb_featured_image_src":{"full":["https:\/\/ragazzifamily.ro\/wp-content\/uploads\/2025\/08\/TEKNOLOGIA-2.jpg",369,506,false],"thumbnail":["https:\/\/ragazzifamily.ro\/wp-content\/uploads\/2025\/08\/TEKNOLOGIA-2-150x150.jpg",150,150,true],"medium":["https:\/\/ragazzifamily.ro\/wp-content\/uploads\/2025\/08\/TEKNOLOGIA-2-219x300.jpg",219,300,true],"medium_large":["https:\/\/ragazzifamily.ro\/wp-content\/uploads\/2025\/08\/TEKNOLOGIA-2.jpg",369,506,false],"large":["https:\/\/ragazzifamily.ro\/wp-content\/uploads\/2025\/08\/TEKNOLOGIA-2.jpg",369,506,false],"1536x1536":["https:\/\/ragazzifamily.ro\/wp-content\/uploads\/2025\/08\/TEKNOLOGIA-2.jpg",369,506,false],"2048x2048":["https:\/\/ragazzifamily.ro\/wp-content\/uploads\/2025\/08\/TEKNOLOGIA-2.jpg",369,506,false],"woocommerce_thumbnail":["https:\/\/ragazzifamily.ro\/wp-content\/uploads\/2025\/08\/TEKNOLOGIA-2-150x206.jpg",150,206,true],"woocommerce_single":["https:\/\/ragazzifamily.ro\/wp-content\/uploads\/2025\/08\/TEKNOLOGIA-2.jpg",369,506,false],"woocommerce_gallery_thumbnail":["https:\/\/ragazzifamily.ro\/wp-content\/uploads\/2025\/08\/TEKNOLOGIA-2-100x100.jpg",100,100,true]},"uagb_author_info":{"display_name":"admin","author_link":"https:\/\/ragazzifamily.ro\/author"},"uagb_comment_info":0,"uagb_excerpt":"Suportul pentru doza de 500 ml TEKNOLOGIA este proiectat pentru a oferi o solutie eficienta si functionala pentru depozitarea recipientelor de bauturi. Cu un design robust si practic, acest suport este ideal pentru utilizarea in diverse medii, asigurand protectia si accesibilitatea corespunzatoare a dozelor de 500 ml. Fiind confectionat din materiale durabile, suportul asigura o&hellip;","jetpack_sharing_enabled":true,"_links":{"self":[{"href":"https:\/\/ragazzifamily.ro\/index.php?rest_route=\/wp\/v2\/product\/526","targetHints":{"allow":["GET"]}}],"collection":[{"href":"https:\/\/ragazzifamily.ro\/index.php?rest_route=\/wp\/v2\/product"}],"about":[{"href":"https:\/\/ragazzifamily.ro\/index.php?rest_route=\/wp\/v2\/types\/product"}],"replies":[{"embeddable":true,"href":"https:\/\/ragazzifamily.ro\/index.php?rest_route=%2Fwp%2Fv2%2Fcomments&post=526"}],"wp:featuredmedia":[{"embeddable":true,"href":"https:\/\/ragazzifamily.ro\/index.php?rest_route=\/wp\/v2\/media\/532"}],"wp:attachment":[{"href":"https:\/\/ragazzifamily.ro\/index.php?rest_route=%2Fwp%2Fv2%2Fmedia&parent=526"}],"wp:term":[{"taxonomy":"product_brand","embeddable":true,"href":"https:\/\/ragazzifamily.ro\/index.php?rest_route=%2Fwp%2Fv2%2Fproduct_brand&post=526"},{"taxonomy":"product_cat","embeddable":true,"href":"https:\/\/ragazzifamily.ro\/index.php?rest_route=%2Fwp%2Fv2%2Fproduct_cat&post=526"},{"taxonomy":"product_tag","embeddable":true,"href":"https:\/\/ragazzifamily.ro\/index.php?rest_route=%2Fwp%2Fv2%2Fproduct_tag&post=526"}],"curies":[{"name":"wp","href":"https:\/\/api.w.org\/{rel}","templated":true}]}}